{"id":1799,"date":"2025-12-04T21:15:55","date_gmt":"2025-12-04T20:15:55","guid":{"rendered":"https:\/\/opera.3fa.info\/?page_id=1799"},"modified":"2025-12-12T23:50:29","modified_gmt":"2025-12-12T22:50:29","slug":"mozart-und-die-weber-weiber","status":"publish","type":"page","link":"https:\/\/darleneanndobisch.com\/en\/mozart-und-die-weber-weiber\/","title":{"rendered":"Mozart und die Weber-Weiber"},"content":{"rendered":"<div data-elementor-type=\"wp-page\" data-elementor-id=\"1799\" class=\"elementor elementor-1799\" data-elementor-post-type=\"page\">\n\t\t\t\t<div class=\"elementor-element elementor-element-f4917cf e-flex e-con-boxed e-con e-parent\" data-id=\"f4917cf\" data-element_type=\"container\" data-e-type=\"container\">\n\t\t\t\t\t<div class=\"e-con-inner\">\n\t\t\t\t<div class=\"elementor-element elementor-element-0167e7d elementor-widget__width-initial elementor-widget elementor-widget-shortcode\" data-id=\"0167e7d\" data-element_type=\"widget\" data-e-type=\"widget\" data-widget_type=\"shortcode.default\">\n\t\t\t\t\t\t\t<div class=\"elementor-shortcode\">\t\t<div data-elementor-type=\"container\" data-elementor-id=\"214\" class=\"elementor elementor-214\" data-elementor-post-type=\"elementor_library\">\n\t\t\t\t<div class=\"elementor-element elementor-element-32e890b5 e-con-full e-flex e-con e-parent\" data-id=\"32e890b5\" data-element_type=\"container\" data-e-type=\"container\">\n\t\t\t\t<\/div>\n\t\t\t\t<\/div>\n\t\t<\/div>\n\t\t\t\t\t\t<\/div>\n\t\t\t\t\t<\/div>\n\t\t\t\t<\/div>\n\t\t<div class=\"elementor-element elementor-element-afbc2d1 e-flex e-con-boxed e-con e-parent\" data-id=\"afbc2d1\" data-element_type=\"container\" data-e-type=\"container\">\n\t\t\t\t\t<div class=\"e-con-inner\">\n\t\t\t\t<div class=\"elementor-element elementor-element-95a9916 elementor-widget elementor-widget-heading\" data-id=\"95a9916\" data-element_type=\"widget\" data-e-type=\"widget\" data-widget_type=\"heading.default\">\n\t\t\t\t\t<h2 class=\"elementor-heading-title elementor-size-default\">Eine der Einflussreichste Beziehungskonstellationen des klassischen Zeitgeists\n<\/h2>\t\t\t\t<\/div>\n\t\t\t\t\t<\/div>\n\t\t\t\t<\/div>\n\t\t<div class=\"elementor-element elementor-element-194847ea ub-section e-flex e-con-boxed e-con e-parent\" data-id=\"194847ea\" data-element_type=\"container\" data-e-type=\"container\">\n\t\t\t\t\t<div class=\"e-con-inner\">\n\t\t<div class=\"elementor-element elementor-element-346755fd e-con-full e-flex e-con e-child\" data-id=\"346755fd\" data-element_type=\"container\" data-e-type=\"container\">\n\t\t\t\t<div class=\"elementor-element elementor-element-2b762c2 elementor-widget elementor-widget-image\" data-id=\"2b762c2\" data-element_type=\"widget\" data-e-type=\"widget\" data-widget_type=\"image.default\">\n\t\t\t\t\t\t\t\t\t\t\t\t\t\t\t<img fetchpriority=\"high\" decoding=\"async\" width=\"400\" height=\"547\" src=\"https:\/\/darleneanndobisch.com\/wp-content\/uploads\/2025\/12\/Unbenannt1.png\" class=\"attachment-large size-large wp-image-1783\" alt=\"\" srcset=\"https:\/\/darleneanndobisch.com\/wp-content\/uploads\/2025\/12\/Unbenannt1.png 400w, https:\/\/darleneanndobisch.com\/wp-content\/uploads\/2025\/12\/Unbenannt1-219x300.png 219w, https:\/\/darleneanndobisch.com\/wp-content\/uploads\/2025\/12\/Unbenannt1-9x12.png 9w\" sizes=\"(max-width: 400px) 100vw, 400px\" \/>\t\t\t\t\t\t\t\t\t\t\t\t\t\t\t<\/div>\n\t\t\t\t<div class=\"elementor-element elementor-element-5693445 elementor-widget elementor-widget-heading\" data-id=\"5693445\" data-element_type=\"widget\" data-e-type=\"widget\" data-widget_type=\"heading.default\">\n\t\t\t\t\t<h4 class=\"elementor-heading-title elementor-size-default\">Darlene Ann Dobisch, Sopran<\/h4>\t\t\t\t<\/div>\n\t\t\t\t<\/div>\n\t\t<div class=\"elementor-element elementor-element-12fd684a e-con-full e-flex e-con e-child\" data-id=\"12fd684a\" data-element_type=\"container\" data-e-type=\"container\">\n\t\t\t\t<\/div>\n\t\t<div class=\"elementor-element elementor-element-d856799 e-con-full e-flex e-con e-child\" data-id=\"d856799\" data-element_type=\"container\" data-e-type=\"container\">\n\t\t\t\t<div class=\"elementor-element elementor-element-6fef5f24 elementor-widget elementor-widget-image\" data-id=\"6fef5f24\" data-element_type=\"widget\" data-e-type=\"widget\" data-widget_type=\"image.default\">\n\t\t\t\t\t\t\t\t\t\t\t\t\t\t\t<img decoding=\"async\" width=\"393\" height=\"547\" src=\"https:\/\/darleneanndobisch.com\/wp-content\/uploads\/2025\/12\/Unbenannt3.png\" class=\"attachment-large size-large wp-image-1785\" alt=\"\" srcset=\"https:\/\/darleneanndobisch.com\/wp-content\/uploads\/2025\/12\/Unbenannt3.png 393w, https:\/\/darleneanndobisch.com\/wp-content\/uploads\/2025\/12\/Unbenannt3-216x300.png 216w, https:\/\/darleneanndobisch.com\/wp-content\/uploads\/2025\/12\/Unbenannt3-9x12.png 9w\" sizes=\"(max-width: 393px) 100vw, 393px\" \/>\t\t\t\t\t\t\t\t\t\t\t\t\t\t\t<\/div>\n\t\t\t\t<div class=\"elementor-element elementor-element-678a0f3 elementor-widget elementor-widget-heading\" data-id=\"678a0f3\" data-element_type=\"widget\" data-e-type=\"widget\" data-widget_type=\"heading.default\">\n\t\t\t\t\t<h4 class=\"elementor-heading-title elementor-size-default\">Karolina Trojok,<br> Klavier<\/h4>\t\t\t\t<\/div>\n\t\t\t\t<\/div>\n\t\t\t\t\t<\/div>\n\t\t\t\t<\/div>\n\t\t<div class=\"elementor-element elementor-element-3a8d2640 ub-section e-flex e-con-boxed e-con e-parent\" data-id=\"3a8d2640\" data-element_type=\"container\" data-e-type=\"container\">\n\t\t\t\t\t<div class=\"e-con-inner\">\n\t\t\t\t<div class=\"elementor-element elementor-element-31e7cbd0 elementor-widget elementor-widget-text-editor\" data-id=\"31e7cbd0\" data-element_type=\"widget\" data-e-type=\"widget\" data-widget_type=\"text-editor.default\">\n\t\t\t\t\t\t\t\t\t<p>\u201e<em>Nun aber wer ist der Gegenstand meiner Liebe? \u2013erschr\u00f6cken Sie nicht, ich bitte Sie; doch nicht eine Weberische? Ja eine Weberische\u2026<\/em>\u201c<\/p><p>Als Inspiration f\u00fcr zahlreiche Musikwerke, sorgten die Weber Schwester f\u00fcr viel Freud und Leid im Leben von Wolfgang Amadeus Mozart.<\/p><p>Von \u201eet incarnatus est\u201c, aus der gro\u00dfen c-Moll Messe, bis zur halsbrecherischen Konzertarie \u201eVorrei spiegarvi, o Dio!\u201c wurde Mozarts Genie durch diese Weiber auf genialster Weise herausgefordert.<\/p><p>Mit Hilfe von witzigen Briefen und spannenden Berichten bekommt das Publikum einen tiefen Einblick in den klassischen Zeitgeist in diesem unterhaltsamen Konzert, gesungen von Mozart Spezialistin Darlene Dobisch, und Klavierdozentin Karolina Trojok<\/p>\t\t\t\t\t\t\t\t<\/div>\n\t\t\t\t\t<\/div>\n\t\t\t\t<\/div>\n\t\t<div class=\"elementor-element elementor-element-c804110 e-flex e-con-boxed e-con e-parent\" data-id=\"c804110\" data-element_type=\"container\" data-e-type=\"container\" data-settings=\"{&quot;background_background&quot;:&quot;classic&quot;}\">\n\t\t\t\t\t<div class=\"e-con-inner\">\n\t\t\t\t<div class=\"elementor-element elementor-element-3a4259a elementor-widget elementor-widget-heading\" data-id=\"3a4259a\" data-element_type=\"widget\" data-e-type=\"widget\" data-widget_type=\"heading.default\">\n\t\t\t\t\t<h2 class=\"elementor-heading-title elementor-size-default\">About<\/h2>\t\t\t\t<\/div>\n\t\t\t\t\t<\/div>\n\t\t\t\t<\/div>\n\t\t<div class=\"elementor-element elementor-element-1daac92f ub-section e-flex e-con-boxed e-con e-parent\" data-id=\"1daac92f\" data-element_type=\"container\" data-e-type=\"container\" data-settings=\"{&quot;background_background&quot;:&quot;classic&quot;}\">\n\t\t\t\t\t<div class=\"e-con-inner\">\n\t\t<div class=\"elementor-element elementor-element-68848440 e-con-full e-flex e-con e-child\" data-id=\"68848440\" data-element_type=\"container\" data-e-type=\"container\">\n\t\t\t\t<div class=\"elementor-element elementor-element-acd20df elementor-widget elementor-widget-text-editor\" data-id=\"acd20df\" data-element_type=\"widget\" data-e-type=\"widget\" data-widget_type=\"text-editor.default\">\n\t\t\t\t\t\t\t\t\t<p>International gefeiert als K\u00f6nigin der Nacht, und mit mehreren Rollen von Mozart und Haydn in ihrem Repertoire, f\u00fchlt sich Darlene Dobisch in der klassischen Musik am Meisten zu Hause.<\/p><p>Engagements im NDR Chor, Theater Neustrelitz, und am Volkstheater Rostock sowie eine langj\u00e4hrige Zusammenarbeit mit dem Echo-Preistr\u00e4ger Christoph Hagel runden ihre Erfahrung ab. Die einzigartige Tournee Show, \u201eBreakin\u2018 Mozart\u201c beweist, wie sie gekonnt den klassischen Zeitgeist ins heutige versetzen kann.<\/p>\t\t\t\t\t\t\t\t<\/div>\n\t\t\t\t<\/div>\n\t\t<div class=\"elementor-element elementor-element-f99b8ef e-con-full e-flex e-con e-child\" data-id=\"f99b8ef\" data-element_type=\"container\" data-e-type=\"container\">\n\t\t\t\t<div class=\"elementor-element elementor-element-7af0c880 elementor-widget elementor-widget-image\" data-id=\"7af0c880\" data-element_type=\"widget\" data-e-type=\"widget\" data-widget_type=\"image.default\">\n\t\t\t\t\t\t\t\t\t\t\t\t\t\t\t<img decoding=\"async\" width=\"539\" height=\"1024\" src=\"https:\/\/darleneanndobisch.com\/wp-content\/uploads\/2025\/12\/Unbenannt4-539x1024.jpg\" class=\"attachment-large size-large wp-image-1792\" alt=\"\" srcset=\"https:\/\/darleneanndobisch.com\/wp-content\/uploads\/2025\/12\/Unbenannt4-539x1024.jpg 539w, https:\/\/darleneanndobisch.com\/wp-content\/uploads\/2025\/12\/Unbenannt4-158x300.jpg 158w, https:\/\/darleneanndobisch.com\/wp-content\/uploads\/2025\/12\/Unbenannt4-6x12.jpg 6w, https:\/\/darleneanndobisch.com\/wp-content\/uploads\/2025\/12\/Unbenannt4.jpg 597w\" sizes=\"(max-width: 539px) 100vw, 539px\" \/>\t\t\t\t\t\t\t\t\t\t\t\t\t\t\t<\/div>\n\t\t\t\t<\/div>\n\t\t<div class=\"elementor-element elementor-element-61e706ba e-con-full e-flex e-con e-child\" data-id=\"61e706ba\" data-element_type=\"container\" data-e-type=\"container\">\n\t\t\t\t<div class=\"elementor-element elementor-element-317eff1 elementor-widget elementor-widget-text-editor\" data-id=\"317eff1\" data-element_type=\"widget\" data-e-type=\"widget\" data-widget_type=\"text-editor.default\">\n\t\t\t\t\t\t\t\t\t<p>Die Gewinnerin vom ersten Bundespreis in \u201eJugend Musiziert\u201c, Karolina Trojok ist f\u00fcr Lied- Oper- und Meisterkurs-Begleitung in Europa und China bekannt.<br \/><br \/>Eine Stelle als Dozentin f\u00fcr Korrepetition an der Musikhochschule L\u00fcbeck ist sie in 2015 angetreten und seit 2021 begleitet sie internationale S\u00e4nger*innen in der Gesangsabteilung, mit besonderem Schwerpunkt auf den klassischen und romantischen Epochen.<\/p>\t\t\t\t\t\t\t\t<\/div>\n\t\t\t\t<\/div>\n\t\t\t\t\t<\/div>\n\t\t\t\t<\/div>\n\t\t<div class=\"elementor-element elementor-element-e1ed907 e-flex e-con-boxed e-con e-parent\" data-id=\"e1ed907\" data-element_type=\"container\" data-e-type=\"container\">\n\t\t\t\t\t<div class=\"e-con-inner\">\n\t\t\t\t<div class=\"elementor-element elementor-element-85474a6 elementor-widget elementor-widget-heading\" data-id=\"85474a6\" data-element_type=\"widget\" data-e-type=\"widget\" data-widget_type=\"heading.default\">\n\t\t\t\t\t<h2 class=\"elementor-heading-title elementor-size-default\">Infos und Technical Rider<\/h2>\t\t\t\t<\/div>\n\t\t\t\t\t<\/div>\n\t\t\t\t<\/div>\n\t\t<div class=\"elementor-element elementor-element-e9fd677 e-flex e-con-boxed e-con e-parent\" data-id=\"e9fd677\" data-element_type=\"container\" data-e-type=\"container\">\n\t\t\t\t\t<div class=\"e-con-inner\">\n\t\t<div class=\"elementor-element elementor-element-27b80f7 e-con-full e-flex e-con e-child\" data-id=\"27b80f7\" data-element_type=\"container\" data-e-type=\"container\">\n\t\t\t\t<div class=\"elementor-element elementor-element-3fb736d elementor-widget elementor-widget-heading\" data-id=\"3fb736d\" data-element_type=\"widget\" data-e-type=\"widget\" data-widget_type=\"heading.default\">\n\t\t\t\t\t<h2 class=\"elementor-heading-title elementor-size-default\">Hauptinfos zum Konzert:\n<\/h2>\t\t\t\t<\/div>\n\t\t\t\t<div class=\"elementor-element elementor-element-be8ee7c elementor-widget elementor-widget-text-editor\" data-id=\"be8ee7c\" data-element_type=\"widget\" data-e-type=\"widget\" data-widget_type=\"text-editor.default\">\n\t\t\t\t\t\t\t\t\t<p><strong>Instrumente:<\/strong><br \/>Duo Gesang\/Klavier<\/p><p><strong>Stil:<\/strong><br \/>Klassisch, leicht \u201egew\u00fcrzt\u201c<\/p><p><strong>Dauer:<\/strong><br \/>1 Stunde ohne Pause<\/p><p><strong>Zuschauer:<\/strong><br \/>30 \u2013 400<\/p>\t\t\t\t\t\t\t\t<\/div>\n\t\t\t\t<\/div>\n\t\t<div class=\"elementor-element elementor-element-f91332d e-con-full e-flex e-con e-child\" data-id=\"f91332d\" data-element_type=\"container\" data-e-type=\"container\">\n\t\t\t\t<div class=\"elementor-element elementor-element-09f16e2 elementor-widget elementor-widget-heading\" data-id=\"09f16e2\" data-element_type=\"widget\" data-e-type=\"widget\" data-widget_type=\"heading.default\">\n\t\t\t\t\t<h2 class=\"elementor-heading-title elementor-size-default\">Technische Details:\n<\/h2>\t\t\t\t<\/div>\n\t\t\t\t<div class=\"elementor-element elementor-element-801424a elementor-widget elementor-widget-text-editor\" data-id=\"801424a\" data-element_type=\"widget\" data-e-type=\"widget\" data-widget_type=\"text-editor.default\">\n\t\t\t\t\t\t\t\t\t<p><strong>B\u00fchne:<\/strong><br \/>Eine kleine B\u00fchne 4 X 5m Minimum<\/p><p><strong>Ausstattung:<\/strong><br \/>Ein Fl\u00fcgel oder Klavier mit Hocker<br \/>Ein Notenst\u00e4nder<br \/>Ein Mikrophon mit Stativ, m\u00f6glichst Funk<\/p><p><strong>Licht:<\/strong><br \/>einfache Beleuchtung. Strahler f\u00fcr die S\u00e4ngerin,<br \/>helles aber nicht blendendes Licht f\u00fcr die Pianistin<\/p><p><strong>Backstage:<\/strong><br \/>Garderobe mit Spiegel<br \/>Wasser und 2 Gl\u00e4ser, evtl. auch ein kleiner Snack<\/p><p><strong>Personal:<\/strong><br \/>1 Techniker f\u00fcr Licht und Ton, vom Beginn des Aufbaus bis zum Ende der Veranstaltung<\/p>\t\t\t\t\t\t\t\t<\/div>\n\t\t\t\t<\/div>\n\t\t\t\t\t<\/div>\n\t\t\t\t<\/div>\n\t\t<div class=\"elementor-element elementor-element-41b629d e-flex e-con-boxed e-con e-parent\" data-id=\"41b629d\" data-element_type=\"container\" data-e-type=\"container\">\n\t\t\t\t\t<div class=\"e-con-inner\">\n\t\t\t\t<div class=\"elementor-element elementor-element-bd8feb7 elementor-align-center elementor-widget__width-initial elementor-widget elementor-widget-button\" data-id=\"bd8feb7\" data-element_type=\"widget\" data-e-type=\"widget\" data-widget_type=\"button.default\">\n\t\t\t\t\t\t\t\t\t\t<a class=\"elementor-button elementor-button-link elementor-size-sm\" href=\"\/en\/kontakt\/\">\n\t\t\t\t\t\t<span class=\"elementor-button-content-wrapper\">\n\t\t\t\t\t\t\t\t\t<span class=\"elementor-button-text\">Buchungsanfrage<\/span>\n\t\t\t\t\t<\/span>\n\t\t\t\t\t<\/a>\n\t\t\t\t\t\t\t\t<\/div>\n\t\t\t\t\t<\/div>\n\t\t\t\t<\/div>\n\t\t<div class=\"elementor-element elementor-element-dcc5a65 e-flex e-con-boxed e-con e-parent\" data-id=\"dcc5a65\" data-element_type=\"container\" data-e-type=\"container\">\n\t\t\t\t\t<div class=\"e-con-inner\">\n\t\t\t\t<div class=\"elementor-element elementor-element-bdf1f48 elementor-widget elementor-widget-spacer\" data-id=\"bdf1f48\" data-element_type=\"widget\" data-e-type=\"widget\" data-widget_type=\"spacer.default\">\n\t\t\t\t\t\t\t<div class=\"elementor-spacer\">\n\t\t\t<div class=\"elementor-spacer-inner\"><\/div>\n\t\t<\/div>\n\t\t\t\t\t\t<\/div>\n\t\t\t\t\t<\/div>\n\t\t\t\t<\/div>\n\t\t\t\t<\/div>","protected":false},"excerpt":{"rendered":"<p>Eine der Einflussreichste Beziehungskonstellationen des klassischen Zeitgeists Darlene Ann Dobisch, Sopran Karolina Trojok, Klavier \u201eNun aber wer ist der Gegenstand meiner Liebe? \u2013erschr\u00f6cken Sie nicht, ich bitte Sie; doch nicht eine Weberische? Ja eine Weberische\u2026\u201c Als Inspiration f\u00fcr zahlreiche Musikwerke, sorgten die Weber Schwester f\u00fcr viel Freud und Leid im Leben von Wolfgang Amadeus Mozart. [&hellip;]<\/p>\n","protected":false},"author":2,"featured_media":0,"parent":0,"menu_order":0,"comment_status":"closed","ping_status":"closed","template":"elementor_header_footer","meta":{"footnotes":""},"class_list":["post-1799","page","type-page","status-publish","hentry"],"_links":{"self":[{"href":"https:\/\/darleneanndobisch.com\/en\/wp-json\/wp\/v2\/pages\/1799","targetHints":{"allow":["GET"]}}],"collection":[{"href":"https:\/\/darleneanndobisch.com\/en\/wp-json\/wp\/v2\/pages"}],"about":[{"href":"https:\/\/darleneanndobisch.com\/en\/wp-json\/wp\/v2\/types\/page"}],"author":[{"embeddable":true,"href":"https:\/\/darleneanndobisch.com\/en\/wp-json\/wp\/v2\/users\/2"}],"replies":[{"embeddable":true,"href":"https:\/\/darleneanndobisch.com\/en\/wp-json\/wp\/v2\/comments?post=1799"}],"version-history":[{"count":10,"href":"https:\/\/darleneanndobisch.com\/en\/wp-json\/wp\/v2\/pages\/1799\/revisions"}],"predecessor-version":[{"id":1839,"href":"https:\/\/darleneanndobisch.com\/en\/wp-json\/wp\/v2\/pages\/1799\/revisions\/1839"}],"wp:attachment":[{"href":"https:\/\/darleneanndobisch.com\/en\/wp-json\/wp\/v2\/media?parent=1799"}],"curies":[{"name":"wp","href":"https:\/\/api.w.org\/{rel}","templated":true}]}}