{"id":1780,"date":"2025-12-04T20:53:43","date_gmt":"2025-12-04T19:53:43","guid":{"rendered":"https:\/\/opera.3fa.info\/?page_id=1780"},"modified":"2025-12-04T21:24:17","modified_gmt":"2025-12-04T20:24:17","slug":"frauenzauber","status":"publish","type":"page","link":"https:\/\/darleneanndobisch.com\/en\/frauenzauber\/","title":{"rendered":"Frauenzauber"},"content":{"rendered":"<div data-elementor-type=\"wp-page\" data-elementor-id=\"1780\" class=\"elementor elementor-1780\" data-elementor-post-type=\"page\">\n\t\t\t\t<div class=\"elementor-element elementor-element-f4917cf e-flex e-con-boxed e-con e-parent\" data-id=\"f4917cf\" data-element_type=\"container\" data-e-type=\"container\">\n\t\t\t\t\t<div class=\"e-con-inner\">\n\t\t\t\t<div class=\"elementor-element elementor-element-0167e7d elementor-widget__width-initial elementor-widget elementor-widget-shortcode\" data-id=\"0167e7d\" data-element_type=\"widget\" data-e-type=\"widget\" data-widget_type=\"shortcode.default\">\n\t\t\t\t\t\t\t<div class=\"elementor-shortcode\">\t\t<div data-elementor-type=\"container\" data-elementor-id=\"214\" class=\"elementor elementor-214\" data-elementor-post-type=\"elementor_library\">\n\t\t\t\t<div class=\"elementor-element elementor-element-32e890b5 e-con-full e-flex e-con e-parent\" data-id=\"32e890b5\" data-element_type=\"container\" data-e-type=\"container\">\n\t\t\t\t<\/div>\n\t\t\t\t<\/div>\n\t\t<\/div>\n\t\t\t\t\t\t<\/div>\n\t\t\t\t\t<\/div>\n\t\t\t\t<\/div>\n\t\t<div class=\"elementor-element elementor-element-afbc2d1 e-flex e-con-boxed e-con e-parent\" data-id=\"afbc2d1\" data-element_type=\"container\" data-e-type=\"container\">\n\t\t\t\t\t<div class=\"e-con-inner\">\n\t\t\t\t<div class=\"elementor-element elementor-element-95a9916 elementor-widget elementor-widget-heading\" data-id=\"95a9916\" data-element_type=\"widget\" data-e-type=\"widget\" data-widget_type=\"heading.default\">\n\t\t\t\t\t<h2 class=\"elementor-heading-title elementor-size-default\">Pauline Viardot Garcia und Freunde im Portrait<\/h2>\t\t\t\t<\/div>\n\t\t\t\t\t<\/div>\n\t\t\t\t<\/div>\n\t\t<div class=\"elementor-element elementor-element-194847ea ub-section e-flex e-con-boxed e-con e-parent\" data-id=\"194847ea\" data-element_type=\"container\" data-e-type=\"container\">\n\t\t\t\t\t<div class=\"e-con-inner\">\n\t\t<div class=\"elementor-element elementor-element-346755fd e-con-full e-flex e-con e-child\" data-id=\"346755fd\" data-element_type=\"container\" data-e-type=\"container\">\n\t\t\t\t<div class=\"elementor-element elementor-element-2b762c2 elementor-widget elementor-widget-image\" data-id=\"2b762c2\" data-element_type=\"widget\" data-e-type=\"widget\" data-widget_type=\"image.default\">\n\t\t\t\t\t\t\t\t\t\t\t\t\t\t\t<img fetchpriority=\"high\" decoding=\"async\" width=\"400\" height=\"547\" src=\"https:\/\/darleneanndobisch.com\/wp-content\/uploads\/2025\/12\/Unbenannt1.png\" class=\"attachment-large size-large wp-image-1783\" alt=\"\" srcset=\"https:\/\/darleneanndobisch.com\/wp-content\/uploads\/2025\/12\/Unbenannt1.png 400w, https:\/\/darleneanndobisch.com\/wp-content\/uploads\/2025\/12\/Unbenannt1-219x300.png 219w, https:\/\/darleneanndobisch.com\/wp-content\/uploads\/2025\/12\/Unbenannt1-9x12.png 9w\" sizes=\"(max-width: 400px) 100vw, 400px\" \/>\t\t\t\t\t\t\t\t\t\t\t\t\t\t\t<\/div>\n\t\t\t\t<div class=\"elementor-element elementor-element-5693445 elementor-widget elementor-widget-heading\" data-id=\"5693445\" data-element_type=\"widget\" data-e-type=\"widget\" data-widget_type=\"heading.default\">\n\t\t\t\t\t<h4 class=\"elementor-heading-title elementor-size-default\">Darlene Ann Dobisch, Sopran<\/h4>\t\t\t\t<\/div>\n\t\t\t\t<\/div>\n\t\t<div class=\"elementor-element elementor-element-12fd684a e-con-full e-flex e-con e-child\" data-id=\"12fd684a\" data-element_type=\"container\" data-e-type=\"container\">\n\t\t\t\t<div class=\"elementor-element elementor-element-1fb779f9 elementor-widget elementor-widget-image\" data-id=\"1fb779f9\" data-element_type=\"widget\" data-e-type=\"widget\" data-widget_type=\"image.default\">\n\t\t\t\t\t\t\t\t\t\t\t\t\t\t\t<img decoding=\"async\" width=\"354\" height=\"533\" src=\"https:\/\/darleneanndobisch.com\/wp-content\/uploads\/2025\/12\/Unbenannt2.png\" class=\"attachment-large size-large wp-image-1784\" alt=\"\" srcset=\"https:\/\/darleneanndobisch.com\/wp-content\/uploads\/2025\/12\/Unbenannt2.png 354w, https:\/\/darleneanndobisch.com\/wp-content\/uploads\/2025\/12\/Unbenannt2-199x300.png 199w, https:\/\/darleneanndobisch.com\/wp-content\/uploads\/2025\/12\/Unbenannt2-8x12.png 8w\" sizes=\"(max-width: 354px) 100vw, 354px\" \/>\t\t\t\t\t\t\t\t\t\t\t\t\t\t\t<\/div>\n\t\t\t\t<\/div>\n\t\t<div class=\"elementor-element elementor-element-d856799 e-con-full e-flex e-con e-child\" data-id=\"d856799\" data-element_type=\"container\" data-e-type=\"container\">\n\t\t\t\t<div class=\"elementor-element elementor-element-6fef5f24 elementor-widget elementor-widget-image\" data-id=\"6fef5f24\" data-element_type=\"widget\" data-e-type=\"widget\" data-widget_type=\"image.default\">\n\t\t\t\t\t\t\t\t\t\t\t\t\t\t\t<img decoding=\"async\" width=\"393\" height=\"547\" src=\"https:\/\/darleneanndobisch.com\/wp-content\/uploads\/2025\/12\/Unbenannt3.png\" class=\"attachment-large size-large wp-image-1785\" alt=\"\" srcset=\"https:\/\/darleneanndobisch.com\/wp-content\/uploads\/2025\/12\/Unbenannt3.png 393w, https:\/\/darleneanndobisch.com\/wp-content\/uploads\/2025\/12\/Unbenannt3-216x300.png 216w, https:\/\/darleneanndobisch.com\/wp-content\/uploads\/2025\/12\/Unbenannt3-9x12.png 9w\" sizes=\"(max-width: 393px) 100vw, 393px\" \/>\t\t\t\t\t\t\t\t\t\t\t\t\t\t\t<\/div>\n\t\t\t\t<div class=\"elementor-element elementor-element-678a0f3 elementor-widget elementor-widget-heading\" data-id=\"678a0f3\" data-element_type=\"widget\" data-e-type=\"widget\" data-widget_type=\"heading.default\">\n\t\t\t\t\t<h4 class=\"elementor-heading-title elementor-size-default\">Karolina Trojok,<br> Klavier<\/h4>\t\t\t\t<\/div>\n\t\t\t\t<\/div>\n\t\t\t\t\t<\/div>\n\t\t\t\t<\/div>\n\t\t<div class=\"elementor-element elementor-element-3a8d2640 ub-section e-flex e-con-boxed e-con e-parent\" data-id=\"3a8d2640\" data-element_type=\"container\" data-e-type=\"container\">\n\t\t\t\t\t<div class=\"e-con-inner\">\n\t\t\t\t<div class=\"elementor-element elementor-element-48aff794 elementor-widget elementor-widget-heading\" data-id=\"48aff794\" data-element_type=\"widget\" data-e-type=\"widget\" data-widget_type=\"heading.default\">\n\t\t\t\t\t<h3 class=\"elementor-heading-title elementor-size-default\">Pauline Viardot Garcia Wer ist diese Dame???<\/h3>\t\t\t\t<\/div>\n\t\t\t\t<div class=\"elementor-element elementor-element-31e7cbd0 elementor-widget elementor-widget-text-editor\" data-id=\"31e7cbd0\" data-element_type=\"widget\" data-e-type=\"widget\" data-widget_type=\"text-editor.default\">\n\t\t\t\t\t\t\t\t\t<p>Eine der bedeutendsten K\u00fcnstlerinnen des 19. Jahrhunderts, Pauline Viardot Garcia und ihre Familie pr\u00e4gten einen tiefen Einfluss auf die Musikwelt, der bis heute reicht \u2013 also alles lauter Streber in dieser Familie!<\/p><p>In unserem Konzert, \u201eFrauenzauber\u201c, laden wir Sie zum Verzaubern durch ihre Musik, und die Musik ihrer Freunde ein! Au\u00dferdem, h\u00f6ren wir ein bisschen Tratsch, was von harmlos bis ganz skandal\u00f6s geht, und verleiht einen lebhaften, einzigartigen Einblick in den Zeitgeist der romantischen Epoche.<br \/><br \/>Ein spannender und abwechslungsreicher Abend, voller Magie, Liebeszauber, und die Erz\u00e4hlung einer durchaus faszinierenden und wahren Geschichte!<\/p>\t\t\t\t\t\t\t\t<\/div>\n\t\t\t\t\t<\/div>\n\t\t\t\t<\/div>\n\t\t<div class=\"elementor-element elementor-element-c804110 e-flex e-con-boxed e-con e-parent\" data-id=\"c804110\" data-element_type=\"container\" data-e-type=\"container\" data-settings=\"{&quot;background_background&quot;:&quot;classic&quot;}\">\n\t\t\t\t\t<div class=\"e-con-inner\">\n\t\t\t\t<div class=\"elementor-element elementor-element-3a4259a elementor-widget elementor-widget-heading\" data-id=\"3a4259a\" data-element_type=\"widget\" data-e-type=\"widget\" data-widget_type=\"heading.default\">\n\t\t\t\t\t<h2 class=\"elementor-heading-title elementor-size-default\">About<\/h2>\t\t\t\t<\/div>\n\t\t\t\t\t<\/div>\n\t\t\t\t<\/div>\n\t\t<div class=\"elementor-element elementor-element-1daac92f ub-section e-flex e-con-boxed e-con e-parent\" data-id=\"1daac92f\" data-element_type=\"container\" data-e-type=\"container\" data-settings=\"{&quot;background_background&quot;:&quot;classic&quot;}\">\n\t\t\t\t\t<div class=\"e-con-inner\">\n\t\t<div class=\"elementor-element elementor-element-68848440 e-con-full e-flex e-con e-child\" data-id=\"68848440\" data-element_type=\"container\" data-e-type=\"container\">\n\t\t\t\t<div class=\"elementor-element elementor-element-acd20df elementor-widget elementor-widget-text-editor\" data-id=\"acd20df\" data-element_type=\"widget\" data-e-type=\"widget\" data-widget_type=\"text-editor.default\">\n\t\t\t\t\t\t\t\t\t<p>International gefeiert als K\u00f6nigin der Nacht mit mehr als 250 Vorstellungen, die Koloratur-Sopranistin Darlene Ann Dobisch versteht etwas von Zauber. Engagements im NDR Chor, im Solisten-Ensemble am Theater Neustrelitz und eine langj\u00e4hrige Zusammen-arbeit mit dem Echo-Preistr\u00e4ger Christoph Hagel in zahlreichen Produktionen runden ihre Erfahrung ab und sie ist als Konzert-solistin im In- und Ausland sehr gefragt.<\/p><p>Von Pauline Viardot Garcia wurde ihre Ausbildung tief gepr\u00e4gt und ihr widmet sie begeistert den Zauber dieser Frau in diesem Konzert.<\/p>\t\t\t\t\t\t\t\t<\/div>\n\t\t\t\t<\/div>\n\t\t<div class=\"elementor-element elementor-element-f99b8ef e-con-full e-flex e-con e-child\" data-id=\"f99b8ef\" data-element_type=\"container\" data-e-type=\"container\">\n\t\t\t\t<div class=\"elementor-element elementor-element-7af0c880 elementor-widget elementor-widget-image\" data-id=\"7af0c880\" data-element_type=\"widget\" data-e-type=\"widget\" data-widget_type=\"image.default\">\n\t\t\t\t\t\t\t\t\t\t\t\t\t\t\t<img loading=\"lazy\" decoding=\"async\" width=\"539\" height=\"1024\" src=\"https:\/\/darleneanndobisch.com\/wp-content\/uploads\/2025\/12\/Unbenannt4-539x1024.jpg\" class=\"attachment-large size-large wp-image-1792\" alt=\"\" srcset=\"https:\/\/darleneanndobisch.com\/wp-content\/uploads\/2025\/12\/Unbenannt4-539x1024.jpg 539w, https:\/\/darleneanndobisch.com\/wp-content\/uploads\/2025\/12\/Unbenannt4-158x300.jpg 158w, https:\/\/darleneanndobisch.com\/wp-content\/uploads\/2025\/12\/Unbenannt4-6x12.jpg 6w, https:\/\/darleneanndobisch.com\/wp-content\/uploads\/2025\/12\/Unbenannt4.jpg 597w\" sizes=\"(max-width: 539px) 100vw, 539px\" \/>\t\t\t\t\t\t\t\t\t\t\t\t\t\t\t<\/div>\n\t\t\t\t<\/div>\n\t\t<div class=\"elementor-element elementor-element-61e706ba e-con-full e-flex e-con e-child\" data-id=\"61e706ba\" data-element_type=\"container\" data-e-type=\"container\">\n\t\t\t\t<div class=\"elementor-element elementor-element-317eff1 elementor-widget elementor-widget-text-editor\" data-id=\"317eff1\" data-element_type=\"widget\" data-e-type=\"widget\" data-widget_type=\"text-editor.default\">\n\t\t\t\t\t\t\t\t\t<p>Bereits vorm Studium als Pianistin war Karolina Trojok der Zauber der Lied-begleitung bewusst, und so geh\u00f6rte Korrepetition bereits zum festen Teil ihrer T\u00e4tigkeiten vor, w\u00e4hrend, und nach ihre Ausbildung an der Musikhochschule L\u00fcbek. Die Gewinnerin vom ersten Bundespreis in \u201eJugend Musiziert\u201c, Karolina ist f\u00fcr Lied- und Meisterkurs-Begleitung in Europa und China bekannt.<\/p><p>Eine Stelle als Dozentin f\u00fcr Korrepetition an der Musikhochschule L\u00fcbeck ist sie in 2015 angetreten und seit 2021 begleitet sie internationale S\u00e4nger*innen in der Gesangsabteilung.<\/p>\t\t\t\t\t\t\t\t<\/div>\n\t\t\t\t<\/div>\n\t\t\t\t\t<\/div>\n\t\t\t\t<\/div>\n\t\t<div class=\"elementor-element elementor-element-e1ed907 e-flex e-con-boxed e-con e-parent\" data-id=\"e1ed907\" data-element_type=\"container\" data-e-type=\"container\">\n\t\t\t\t\t<div class=\"e-con-inner\">\n\t\t\t\t<div class=\"elementor-element elementor-element-85474a6 elementor-widget elementor-widget-heading\" data-id=\"85474a6\" data-element_type=\"widget\" data-e-type=\"widget\" data-widget_type=\"heading.default\">\n\t\t\t\t\t<h2 class=\"elementor-heading-title elementor-size-default\">Infos und Technical Rider<\/h2>\t\t\t\t<\/div>\n\t\t\t\t\t<\/div>\n\t\t\t\t<\/div>\n\t\t<div class=\"elementor-element elementor-element-e9fd677 e-flex e-con-boxed e-con e-parent\" data-id=\"e9fd677\" data-element_type=\"container\" data-e-type=\"container\">\n\t\t\t\t\t<div class=\"e-con-inner\">\n\t\t<div class=\"elementor-element elementor-element-27b80f7 e-con-full e-flex e-con e-child\" data-id=\"27b80f7\" data-element_type=\"container\" data-e-type=\"container\">\n\t\t\t\t<div class=\"elementor-element elementor-element-3fb736d elementor-widget elementor-widget-heading\" data-id=\"3fb736d\" data-element_type=\"widget\" data-e-type=\"widget\" data-widget_type=\"heading.default\">\n\t\t\t\t\t<h2 class=\"elementor-heading-title elementor-size-default\">Hauptinfos zum Konzert:\n<\/h2>\t\t\t\t<\/div>\n\t\t\t\t<div class=\"elementor-element elementor-element-be8ee7c elementor-widget elementor-widget-text-editor\" data-id=\"be8ee7c\" data-element_type=\"widget\" data-e-type=\"widget\" data-widget_type=\"text-editor.default\">\n\t\t\t\t\t\t\t\t\t<p><strong>Instrumente:<\/strong><br \/>Duo Gesang\/Klavier<\/p><p><strong>Stil:<\/strong><br \/>Klassisch, leicht \u201egew\u00fcrzt\u201c<\/p><p><strong>Dauer:<\/strong><br \/>1 Stunde ohne Pause<\/p><p><strong>Zuschauer:<\/strong><br \/>30 \u2013 400<\/p>\t\t\t\t\t\t\t\t<\/div>\n\t\t\t\t<\/div>\n\t\t<div class=\"elementor-element elementor-element-f91332d e-con-full e-flex e-con e-child\" data-id=\"f91332d\" data-element_type=\"container\" data-e-type=\"container\">\n\t\t\t\t<div class=\"elementor-element elementor-element-09f16e2 elementor-widget elementor-widget-heading\" data-id=\"09f16e2\" data-element_type=\"widget\" data-e-type=\"widget\" data-widget_type=\"heading.default\">\n\t\t\t\t\t<h2 class=\"elementor-heading-title elementor-size-default\">Technische Details:\n<\/h2>\t\t\t\t<\/div>\n\t\t\t\t<div class=\"elementor-element elementor-element-801424a elementor-widget elementor-widget-text-editor\" data-id=\"801424a\" data-element_type=\"widget\" data-e-type=\"widget\" data-widget_type=\"text-editor.default\">\n\t\t\t\t\t\t\t\t\t<p><strong>B\u00fchne:<\/strong><br \/>Eine kleine B\u00fchne 4 X 5M Minimum<\/p><p><strong>Ausstattung:<\/strong><br \/>Ein Fl\u00fcgel oder Klavier mit Hocker<br \/>Ein Notenst\u00e4nder<br \/>Ein Mikrophon mit Stativ, m\u00f6glichst Funk<\/p><p><strong>Licht:<\/strong><br \/>einfache Beleuchtung. Strahler f\u00fcr die S\u00e4ngerin,<br \/>helles aber nicht blendendes Licht f\u00fcr die Pianistin<\/p><p><strong>Backstage:<\/strong><br \/>Garderobe mit Spiegel<br \/>Wasser und 2 Gl\u00e4ser, evtl. auch ein kleiner Snack<\/p><p><strong>Personal:<\/strong><br \/>1 Techniker f\u00fcr Licht und Ton, vom Beginn des Aufbaus bis zum Ende der Veranstaltung<\/p>\t\t\t\t\t\t\t\t<\/div>\n\t\t\t\t<\/div>\n\t\t\t\t\t<\/div>\n\t\t\t\t<\/div>\n\t\t<div class=\"elementor-element elementor-element-41b629d e-flex e-con-boxed e-con e-parent\" data-id=\"41b629d\" data-element_type=\"container\" data-e-type=\"container\">\n\t\t\t\t\t<div class=\"e-con-inner\">\n\t\t\t\t<div class=\"elementor-element elementor-element-bd8feb7 elementor-align-center elementor-widget__width-initial elementor-widget elementor-widget-button\" data-id=\"bd8feb7\" data-element_type=\"widget\" data-e-type=\"widget\" data-widget_type=\"button.default\">\n\t\t\t\t\t\t\t\t\t\t<a class=\"elementor-button elementor-button-link elementor-size-sm\" href=\"\/en\/kontakt\/\">\n\t\t\t\t\t\t<span class=\"elementor-button-content-wrapper\">\n\t\t\t\t\t\t\t\t\t<span class=\"elementor-button-text\">Buchungsanfrage<\/span>\n\t\t\t\t\t<\/span>\n\t\t\t\t\t<\/a>\n\t\t\t\t\t\t\t\t<\/div>\n\t\t\t\t\t<\/div>\n\t\t\t\t<\/div>\n\t\t<div class=\"elementor-element elementor-element-a8ceef8 e-flex e-con-boxed e-con e-parent\" data-id=\"a8ceef8\" data-element_type=\"container\" data-e-type=\"container\">\n\t\t\t\t\t<div class=\"e-con-inner\">\n\t\t\t\t<div class=\"elementor-element elementor-element-91252fd elementor-widget elementor-widget-spacer\" data-id=\"91252fd\" data-element_type=\"widget\" data-e-type=\"widget\" data-widget_type=\"spacer.default\">\n\t\t\t\t\t\t\t<div class=\"elementor-spacer\">\n\t\t\t<div class=\"elementor-spacer-inner\"><\/div>\n\t\t<\/div>\n\t\t\t\t\t\t<\/div>\n\t\t\t\t\t<\/div>\n\t\t\t\t<\/div>\n\t\t\t\t<\/div>","protected":false},"excerpt":{"rendered":"<p>Pauline Viardot Garcia und Freunde im Portrait Darlene Ann Dobisch, Sopran Karolina Trojok, Klavier Pauline Viardot Garcia Wer ist diese Dame??? Eine der bedeutendsten K\u00fcnstlerinnen des 19. Jahrhunderts, Pauline Viardot Garcia und ihre Familie pr\u00e4gten einen tiefen Einfluss auf die Musikwelt, der bis heute reicht \u2013 also alles lauter Streber in dieser Familie! In unserem [&hellip;]<\/p>\n","protected":false},"author":2,"featured_media":0,"parent":0,"menu_order":0,"comment_status":"closed","ping_status":"closed","template":"elementor_header_footer","meta":{"footnotes":""},"class_list":["post-1780","page","type-page","status-publish","hentry"],"_links":{"self":[{"href":"https:\/\/darleneanndobisch.com\/en\/wp-json\/wp\/v2\/pages\/1780","targetHints":{"allow":["GET"]}}],"collection":[{"href":"https:\/\/darleneanndobisch.com\/en\/wp-json\/wp\/v2\/pages"}],"about":[{"href":"https:\/\/darleneanndobisch.com\/en\/wp-json\/wp\/v2\/types\/page"}],"author":[{"embeddable":true,"href":"https:\/\/darleneanndobisch.com\/en\/wp-json\/wp\/v2\/users\/2"}],"replies":[{"embeddable":true,"href":"https:\/\/darleneanndobisch.com\/en\/wp-json\/wp\/v2\/comments?post=1780"}],"version-history":[{"count":10,"href":"https:\/\/darleneanndobisch.com\/en\/wp-json\/wp\/v2\/pages\/1780\/revisions"}],"predecessor-version":[{"id":1813,"href":"https:\/\/darleneanndobisch.com\/en\/wp-json\/wp\/v2\/pages\/1780\/revisions\/1813"}],"wp:attachment":[{"href":"https:\/\/darleneanndobisch.com\/en\/wp-json\/wp\/v2\/media?parent=1780"}],"curies":[{"name":"wp","href":"https:\/\/api.w.org\/{rel}","templated":true}]}}