{"id":1528,"date":"2025-11-13T22:03:14","date_gmt":"2025-11-13T21:03:14","guid":{"rendered":"https:\/\/opera.3fa.info\/?page_id=1528"},"modified":"2025-12-18T17:40:39","modified_gmt":"2025-12-18T16:40:39","slug":"gesangsunterricht","status":"publish","type":"page","link":"https:\/\/darleneanndobisch.com\/en\/gesangsunterricht\/","title":{"rendered":"Vocal Instruction"},"content":{"rendered":"<div data-elementor-type=\"wp-page\" data-elementor-id=\"1528\" class=\"elementor elementor-1528\" data-elementor-post-type=\"page\">\n\t\t\t\t<div class=\"elementor-element elementor-element-f4917cf e-flex e-con-boxed e-con e-parent\" data-id=\"f4917cf\" data-element_type=\"container\" data-e-type=\"container\">\n\t\t\t\t\t<div class=\"e-con-inner\">\n\t\t\t\t<div class=\"elementor-element elementor-element-0167e7d elementor-widget__width-initial elementor-widget elementor-widget-shortcode\" data-id=\"0167e7d\" data-element_type=\"widget\" data-e-type=\"widget\" data-widget_type=\"shortcode.default\">\n\t\t\t\t\t\t\t<div class=\"elementor-shortcode\">\t\t<div data-elementor-type=\"container\" data-elementor-id=\"214\" class=\"elementor elementor-214\" data-elementor-post-type=\"elementor_library\">\n\t\t\t\t<div class=\"elementor-element elementor-element-32e890b5 e-con-full e-flex e-con e-parent\" data-id=\"32e890b5\" data-element_type=\"container\" data-e-type=\"container\">\n\t\t\t\t<\/div>\n\t\t\t\t<\/div>\n\t\t<\/div>\n\t\t\t\t\t\t<\/div>\n\t\t\t\t\t<\/div>\n\t\t\t\t<\/div>\n\t\t<div class=\"elementor-element elementor-element-2d3a389 e-flex e-con-boxed e-con e-parent\" data-id=\"2d3a389\" data-element_type=\"container\" data-e-type=\"container\">\n\t\t\t\t\t<div class=\"e-con-inner\">\n\t\t<div class=\"elementor-element elementor-element-e5c0e16 e-flex e-con-boxed e-con e-child\" data-id=\"e5c0e16\" data-element_type=\"container\" data-e-type=\"container\">\n\t\t\t\t\t<div class=\"e-con-inner\">\n\t\t\t\t<div class=\"elementor-element elementor-element-52577477 elementor-widget elementor-widget-heading\" data-id=\"52577477\" data-element_type=\"widget\" data-e-type=\"widget\" data-widget_type=\"heading.default\">\n\t\t\t\t\t<h3 class=\"elementor-heading-title elementor-size-default\">\u201cTechnique and Interpretation go hand in hand.\u201d\n\n<\/h3>\t\t\t\t<\/div>\n\t\t\t\t\t<\/div>\n\t\t\t\t<\/div>\n\t\t<div class=\"elementor-element elementor-element-6c832328 e-con-full e-flex e-con e-child\" data-id=\"6c832328\" data-element_type=\"container\" data-e-type=\"container\">\n\t\t\t\t<div class=\"elementor-element elementor-element-495df8c8 elementor-widget__width-initial elementor-widget elementor-widget-text-editor\" data-id=\"495df8c8\" data-element_type=\"widget\" data-e-type=\"widget\" data-widget_type=\"text-editor.default\">\n\t\t\t\t\t\t\t\t\tDarlene Ann Dobisch ist Dozentin am Johannes-Brahms-Konservatorium f\u00fcr Gesangsp\u00e4dagogik und Gesang, und Gesangslehrerin an der <a href=\"http:\/\/musikschule-glinde.de\" target=\"_blank\" rel=\"noopener\">Musikschule Glinde<\/a> Darlene Ann Dobisch is a lecturer for vocal pedagogy and voice at the Johannes-Brahms-Conservatory in Hamburg and a voice teacher at the State Music School Glinde. She has been teaching voice passionately since she was a student herself and works with singers of various ages with varying goals. Her teaching is personally tailored to the student and she supports a natural, healthy, and joyful approach to the voice. <a href=\"\/en\/kontakt\/\">here<\/a>.\t\t\t\t\t\t\t\t<\/div>\n\t\t\t\t<div class=\"elementor-element elementor-element-3a75d981 elementor-widget elementor-widget-image\" data-id=\"3a75d981\" data-element_type=\"widget\" data-e-type=\"widget\" data-widget_type=\"image.default\">\n\t\t\t\t\t\t\t\t\t\t\t\t\t\t\t<img fetchpriority=\"high\" decoding=\"async\" width=\"800\" height=\"881\" src=\"https:\/\/darleneanndobisch.com\/wp-content\/uploads\/2025\/11\/serious-1-930x1024.jpg\" class=\"attachment-large size-large wp-image-1611\" alt=\"\" srcset=\"https:\/\/darleneanndobisch.com\/wp-content\/uploads\/2025\/11\/serious-1-930x1024.jpg 930w, https:\/\/darleneanndobisch.com\/wp-content\/uploads\/2025\/11\/serious-1-272x300.jpg 272w, https:\/\/darleneanndobisch.com\/wp-content\/uploads\/2025\/11\/serious-1-768x846.jpg 768w, https:\/\/darleneanndobisch.com\/wp-content\/uploads\/2025\/11\/serious-1-11x12.jpg 11w, https:\/\/darleneanndobisch.com\/wp-content\/uploads\/2025\/11\/serious-1.jpg 1000w\" sizes=\"(max-width: 800px) 100vw, 800px\" \/>\t\t\t\t\t\t\t\t\t\t\t\t\t\t\t<\/div>\n\t\t\t\t<div class=\"elementor-element elementor-element-40f2346f elementor-widget elementor-widget-image\" data-id=\"40f2346f\" data-element_type=\"widget\" data-e-type=\"widget\" data-widget_type=\"image.default\">\n\t\t\t\t\t\t\t\t\t\t\t\t\t\t\t<img decoding=\"async\" src=\"https:\/\/darleneanndobisch.com\/wp-content\/uploads\/2025\/11\/placeholder-9.png\" title=\"\" alt=\"\" loading=\"lazy\" \/>\t\t\t\t\t\t\t\t\t\t\t\t\t\t\t<\/div>\n\t\t\t\t<\/div>\n\t\t\t\t\t<\/div>\n\t\t\t\t<\/div>\n\t\t<div class=\"elementor-element elementor-element-8a44b66 e-flex e-con-boxed e-con e-parent\" data-id=\"8a44b66\" data-element_type=\"container\" data-e-type=\"container\">\n\t\t\t\t\t<div class=\"e-con-inner\">\n\t\t<div class=\"elementor-element elementor-element-531dcbc e-con-full e-flex e-con e-child\" data-id=\"531dcbc\" data-element_type=\"container\" data-e-type=\"container\">\n\t\t\t\t<div class=\"elementor-element elementor-element-37c59c9 elementor-widget elementor-widget-image\" data-id=\"37c59c9\" data-element_type=\"widget\" data-e-type=\"widget\" data-widget_type=\"image.default\">\n\t\t\t\t\t\t\t\t\t\t\t\t\t\t\t<img decoding=\"async\" width=\"800\" height=\"554\" src=\"https:\/\/darleneanndobisch.com\/wp-content\/uploads\/2025\/11\/unterricht-1024x709.jpg\" class=\"attachment-large size-large wp-image-1536\" alt=\"\" srcset=\"https:\/\/darleneanndobisch.com\/wp-content\/uploads\/2025\/11\/unterricht-1024x709.jpg 1024w, https:\/\/darleneanndobisch.com\/wp-content\/uploads\/2025\/11\/unterricht-300x208.jpg 300w, https:\/\/darleneanndobisch.com\/wp-content\/uploads\/2025\/11\/unterricht-768x532.jpg 768w, https:\/\/darleneanndobisch.com\/wp-content\/uploads\/2025\/11\/unterricht-18x12.jpg 18w, https:\/\/darleneanndobisch.com\/wp-content\/uploads\/2025\/11\/unterricht.jpg 1444w\" sizes=\"(max-width: 800px) 100vw, 800px\" \/>\t\t\t\t\t\t\t\t\t\t\t\t\t\t\t<\/div>\n\t\t\t\t<\/div>\n\t\t<div class=\"elementor-element elementor-element-0f9e909 e-con-full e-flex e-con e-child\" data-id=\"0f9e909\" data-element_type=\"container\" data-e-type=\"container\">\n\t\t\t\t<div class=\"elementor-element elementor-element-2af8a124 elementor-widget__width-initial elementor-widget elementor-widget-text-editor\" data-id=\"2af8a124\" data-element_type=\"widget\" data-e-type=\"widget\" data-widget_type=\"text-editor.default\">\n\t\t\t\t\t\t\t\t\t<p>Due to her intensive experience as a professional choral singer, she also carries out vocal training for choral singers, and gives worshops and masterclasses internationally.<\/p><p>Darlene Dobisch studied vocal performance at Clark University (Bachelor of Arts) and the University of Michigan (Master of Music) with a focus on general and vocal pedagogy. Her endless curiousity for the voice leads her to participate regularly in seminars and symposiums. Many of her students perform in various international theaters and she has successfully prepared many candidates for auditions to colleges of music in Germany and the United States.<\/p>\t\t\t\t\t\t\t\t<\/div>\n\t\t\t\t<\/div>\n\t\t\t\t\t<\/div>\n\t\t\t\t<\/div>\n\t\t<div class=\"elementor-element elementor-element-b98af5e e-flex e-con-boxed e-con e-parent\" data-id=\"b98af5e\" data-element_type=\"container\" data-e-type=\"container\">\n\t\t\t\t\t<div class=\"e-con-inner\">\n\t\t\t\t<div class=\"elementor-element elementor-element-7644503 elementor-widget elementor-widget-spacer\" data-id=\"7644503\" data-element_type=\"widget\" data-e-type=\"widget\" data-widget_type=\"spacer.default\">\n\t\t\t\t\t\t\t<div class=\"elementor-spacer\">\n\t\t\t<div class=\"elementor-spacer-inner\"><\/div>\n\t\t<\/div>\n\t\t\t\t\t\t<\/div>\n\t\t\t\t\t<\/div>\n\t\t\t\t<\/div>\n\t\t\t\t<\/div>","protected":false},"excerpt":{"rendered":"<p>&#8222;Gesangstechnik und Interpretation der Musik gehen Hand in Hand.&#8220; Darlene Ann Dobisch ist Dozentin am Johannes-Brahms-Konservatorium f\u00fcr Gesangsp\u00e4dagogik und Gesang, und Gesangslehrerin an der Musikschule Glinde Seit ihrem Studium erteilt sie passioniert Gesangsunterricht an Sch\u00fclern verschiedenen Alters und mit unterschiedlichen Zielen. Der Unterricht wird auf die Person ma\u00dfgeschneidert und einen nat\u00fcrlichen, gesunden, und freudigen Umgang [&hellip;]<\/p>\n","protected":false},"author":2,"featured_media":0,"parent":0,"menu_order":0,"comment_status":"closed","ping_status":"closed","template":"elementor_header_footer","meta":{"footnotes":""},"class_list":["post-1528","page","type-page","status-publish","hentry"],"_links":{"self":[{"href":"https:\/\/darleneanndobisch.com\/en\/wp-json\/wp\/v2\/pages\/1528","targetHints":{"allow":["GET"]}}],"collection":[{"href":"https:\/\/darleneanndobisch.com\/en\/wp-json\/wp\/v2\/pages"}],"about":[{"href":"https:\/\/darleneanndobisch.com\/en\/wp-json\/wp\/v2\/types\/page"}],"author":[{"embeddable":true,"href":"https:\/\/darleneanndobisch.com\/en\/wp-json\/wp\/v2\/users\/2"}],"replies":[{"embeddable":true,"href":"https:\/\/darleneanndobisch.com\/en\/wp-json\/wp\/v2\/comments?post=1528"}],"version-history":[{"count":10,"href":"https:\/\/darleneanndobisch.com\/en\/wp-json\/wp\/v2\/pages\/1528\/revisions"}],"predecessor-version":[{"id":1843,"href":"https:\/\/darleneanndobisch.com\/en\/wp-json\/wp\/v2\/pages\/1528\/revisions\/1843"}],"wp:attachment":[{"href":"https:\/\/darleneanndobisch.com\/en\/wp-json\/wp\/v2\/media?parent=1528"}],"curies":[{"name":"wp","href":"https:\/\/api.w.org\/{rel}","templated":true}]}}