{"id":1432,"date":"2025-11-13T16:33:42","date_gmt":"2025-11-13T15:33:42","guid":{"rendered":"https:\/\/opera.3fa.info\/?page_id=1432"},"modified":"2025-11-24T22:25:29","modified_gmt":"2025-11-24T21:25:29","slug":"repertoire","status":"publish","type":"page","link":"https:\/\/darleneanndobisch.com\/en\/repertoire\/","title":{"rendered":"Repertoire"},"content":{"rendered":"<div data-elementor-type=\"wp-page\" data-elementor-id=\"1432\" class=\"elementor elementor-1432\" data-elementor-post-type=\"page\">\n\t\t\t\t<div class=\"elementor-element elementor-element-f4917cf e-flex e-con-boxed e-con e-parent\" data-id=\"f4917cf\" data-element_type=\"container\" data-e-type=\"container\">\n\t\t\t\t\t<div class=\"e-con-inner\">\n\t\t\t\t<div class=\"elementor-element elementor-element-0167e7d elementor-widget__width-initial elementor-widget elementor-widget-shortcode\" data-id=\"0167e7d\" data-element_type=\"widget\" data-e-type=\"widget\" data-widget_type=\"shortcode.default\">\n\t\t\t\t\t\t\t<div class=\"elementor-shortcode\">\t\t<div data-elementor-type=\"container\" data-elementor-id=\"214\" class=\"elementor elementor-214\" data-elementor-post-type=\"elementor_library\">\n\t\t\t\t<div class=\"elementor-element elementor-element-32e890b5 e-con-full e-flex e-con e-parent\" data-id=\"32e890b5\" data-element_type=\"container\" data-e-type=\"container\">\n\t\t\t\t<\/div>\n\t\t\t\t<\/div>\n\t\t<\/div>\n\t\t\t\t\t\t<\/div>\n\t\t\t\t\t<\/div>\n\t\t\t\t<\/div>\n\t\t<div class=\"elementor-element elementor-element-c91d94d e-flex e-con-boxed e-con e-parent\" data-id=\"c91d94d\" data-element_type=\"container\" data-e-type=\"container\">\n\t\t\t\t\t<div class=\"e-con-inner\">\n\t\t<div class=\"elementor-element elementor-element-982a005 e-con-full ub-repertoire e-flex e-con e-child\" data-id=\"982a005\" data-element_type=\"container\" data-e-type=\"container\">\n\t\t\t\t<div class=\"elementor-element elementor-element-4fd9025 elementor-widget elementor-widget-heading\" data-id=\"4fd9025\" data-element_type=\"widget\" data-e-type=\"widget\" data-widget_type=\"heading.default\">\n\t\t\t\t\t<h3 class=\"elementor-heading-title elementor-size-default\">Roles<\/h3>\t\t\t\t<\/div>\n\t\t\t\t<div class=\"elementor-element elementor-element-3b18591 elementor-widget elementor-widget-html\" data-id=\"3b18591\" data-element_type=\"widget\" data-e-type=\"widget\" data-widget_type=\"html.default\">\n\t\t\t\t\t<div class=\"ub-repertoire\">\n<strong class=\"ub-komponist\">Wolfgang Amadeus Mozart<\/strong><br>\n<ul>\n \t<li style=\"list-style-type: none;\">\n<ul>\n \t<li><span class=\"ub-oper\">The Magic Flute<\/span><br> - Queen of the Night (300 Performances)<br>\n- 1st Lady<br>\n- Papagena<br>\n- 1st Boy<\/li>\n \t<li><span class=\"ub-oper\">The Marriage of Figaro<\/span><br>\n- The Countess<\/li>\n \t<li><span class=\"ub-oper\">La clemenza di Tito<\/span><br>\n- Vittelia<\/li>\n \t<li><span class=\"ub-oper\">Die Einf\u00fchrung aus dem Serail<\/span><br>\n- Blondchen<br>\n- Konstanze<\/li>\n\n \t<li><span class=\"ub-oper\">Apollo und Hyacinth<\/span><br>\n- Melia<\/li>\n \t<li><span class=\"ub-oper\">The Impressario<\/span><br>\n- Madame Herz<\/li>\n<\/ul>\n<strong class=\"ub-komponist\">Giuseppe Verdi<\/strong>\n<ul>\n \t<li><span class=\"ub-oper\">La Traviata<\/span><br>\n- Violetta<\/li>\n \t<li><span class=\"ub-oper\">Rigoletto<\/span><br>\n- Gilda<\/li>\n \t<li><span class=\"ub-oper\">Un ballo in maschera<\/span><br>\n- Oscar<\/li>\n<\/ul>\n<strong class=\"ub-komponist\">Richard Strauss<\/strong>\n<ul>\n \t<li><span class=\"ub-oper\">Ariadne auf Naxos<\/span><br>\n- Zerbinetta<\/li>\n \t<li><span class=\"ub-oper\">Der Rosenkavalier<\/span><br>\n- Sophie<\/li>\n<\/ul>\n<strong class=\"ub-komponist\">Johann Strauss<\/strong>\n<ul>\n \t<li><span class=\"ub-oper\">A Night in Venice<\/span><br>\n- Ciboletta<\/li>\n \t<li><span class=\"ub-oper\">The Gypsy Baron<\/span><br>\n- Arsena<\/li>\n<\/ul>\n<strong class=\"ub-komponist\">Georg Friedrich Handel<\/strong>\n<ul>\n \t<li><span class=\"ub-oper\">Semele<\/span><br>\n- Semele\n- Iris<\/li>\n \t<li><span class=\"ub-oper\">Alcina<\/span><br>\n- Morgana<\/li>\n<\/ul>\n<strong class=\"ub-komponist\">Henry Purcell<\/strong>\n<ul>\n \t<li><span class=\"ub-oper\">The Fairy Queen<\/span><br>\n- Titania<\/li>\n<\/ul>\n<\/div>\t\t\t\t<\/div>\n\t\t\t\t<\/div>\n\t\t<div class=\"elementor-element elementor-element-c3987c7 e-con-full ub-repertoire e-flex e-con e-child\" data-id=\"c3987c7\" data-element_type=\"container\" data-e-type=\"container\">\n\t\t\t\t<div class=\"elementor-element elementor-element-c219385 elementor-widget elementor-widget-spacer\" data-id=\"c219385\" data-element_type=\"widget\" data-e-type=\"widget\" data-widget_type=\"spacer.default\">\n\t\t\t\t\t\t\t<div class=\"elementor-spacer\">\n\t\t\t<div class=\"elementor-spacer-inner\"><\/div>\n\t\t<\/div>\n\t\t\t\t\t\t<\/div>\n\t\t\t\t<div class=\"elementor-element elementor-element-f37104c elementor-widget elementor-widget-html\" data-id=\"f37104c\" data-element_type=\"widget\" data-e-type=\"widget\" data-widget_type=\"html.default\">\n\t\t\t\t\t\n<div class=\"ub-repertoire\">\n<strong class=\"ub-komponist\">Engelbert Humperdinck<\/strong>\n<ul>\n \t<li><span class=\"ub-oper\">H\u00e4nsel und Gretel<\/span><br>\n- Gretel<br>\n- Sandman<br>\n- Dew Fairy<\/li>\n<\/ul>\n<strong class=\"ub-komponist\">Jacques Offenbach<\/strong>\n<ul>\n \t<li><span class=\"ub-oper\">The Tales of Hoffmann<\/span><br>\n- Olympia<br>\n- Antonia<br>\n- Giulietta<\/li>\n<\/ul>\n<strong class=\"ub-komponist\">Gaetano Donizetti<\/strong>\n<ul>\n \t<li><span class=\"ub-oper\">L\u2019elisir d\u2019Amore<\/span><br>\n- Adina<\/li>\n<\/ul>\n<strong class=\"ub-komponist\">Vincenzo Bellini<\/strong>\n<ul>\n \t<li><span class=\"ub-oper\">La Sonnambula<\/span><br>\n- Amina<\/li>\n<\/ul>\n<strong class=\"ub-komponist\">Franz Joseph Haydn<\/strong>\n<ul>\n \t<li><span class=\"ub-oper\">Orpheus ed Euridice<\/span><br>\n- Genio<\/li>\n<\/ul>\n\n<strong class=\"ub-komponist\">Ernst Krenek<\/strong>\n<ul>\n \t<li><span class=\"ub-oper\">The secret Kindom<\/span><br>\n- Die K\u00f6nigin<\/li>\n<\/ul>\n<strong class=\"ub-komponist\">Emmerich K\u00e1lm\u00e1n<\/strong>\n<ul>\n \t<li><span class=\"ub-oper\">Gr\u00e4fin Mariza<\/span><br>\n- Lisa<\/li>\n<\/ul>\n<strong class=\"ub-komponist\">Jan M\u00fcller Wieland<\/strong>\n<ul>\n \t<li><span class=\"ub-oper\">Das Gastspiel<\/span><br>\n- Miss Courne<\/li>\n<\/ul>\n<strong class=\"ub-komponist\">Benjamin Britten<\/strong>\n<ul>\n \t<li><span class=\"ub-oper\">The Rape of Lucretia<\/span><br>\n- Lucia<\/li>\n<\/ul>\n<strong class=\"ub-komponist\">Gian Carlo Menotti<\/strong>\n<ul>\n \t<li><span class=\"ub-oper\">The Telephone<\/span><br>\n- Lucy<\/li>\n<\/ul>\n<\/div>\t\t\t\t<\/div>\n\t\t\t\t<\/div>\n\t\t<div class=\"elementor-element elementor-element-37cd327 e-con-full ub-repertoire e-flex e-con e-child\" data-id=\"37cd327\" data-element_type=\"container\" data-e-type=\"container\">\n\t\t\t\t<div class=\"elementor-element elementor-element-01357ab elementor-widget elementor-widget-heading\" data-id=\"01357ab\" data-element_type=\"widget\" data-e-type=\"widget\" data-widget_type=\"heading.default\">\n\t\t\t\t\t<h3 class=\"elementor-heading-title elementor-size-default\">Oratorios<\/h3>\t\t\t\t<\/div>\n\t\t\t\t<div class=\"elementor-element elementor-element-2f8694c elementor-widget elementor-widget-html\" data-id=\"2f8694c\" data-element_type=\"widget\" data-e-type=\"widget\" data-widget_type=\"html.default\">\n\t\t\t\t\t<div class=\"ub-repertoire\">\n\n\n    <strong class=\"ub-komponist\">Carl Philipp Emmanuel Bach<\/strong>\n<ul>\n \t<li>Magnificat<\/li>\n<\/ul>\n\n    <strong class=\"ub-komponist\">Johann Sebastian Bach<\/strong>\n<ul>\n \t<li>St. John Passion<\/li>\n \t<li>St. Matthew Passion<\/li>\n \t<li>Cantata 1<\/li>\n \t<li>Cantata 29<\/li>\n \t<li>Cantata 51<\/li>\n \t<li>Cantata 132<\/li>\n \t<li>Cantata 198<\/li>\n \t<li>Chrismas Oratorio<\/li>\n<\/ul>\n<strong class=\"ub-komponist\">Johannes Brahms<\/strong>\n<ul>\n \t<li>Requiem<\/li>\n<\/ul>\n<strong class=\"ub-komponist\">Anton Bruckner<\/strong>\n<ul>\n \t<li>Mass in f-minor<\/li>\n<\/ul>\n\n    <strong class=\"ub-komponist\">Antonin Dvorak<\/strong>\n<ul>\n \t<li>Stabat Mater<\/li>\n<\/ul>\n<strong class=\"ub-komponist\">Gabriel Faure<\/strong>\n<ul>\n \t<li>Requiem<\/li>\n<\/ul>\n    <strong class=\"ub-komponist\">C\u00e9sar Franck<\/strong>\n<ul>\n \t<li>Feierliche Messe<\/li>\n<\/ul>\n\n<strong class=\"ub-komponist\">Georg Friedrich Handel<\/strong>\n<ul>\n \t<li>Messiah<\/li>\n \t<li>Samson<\/li>\n<\/ul>\n<strong class=\"ub-komponist\">Franz Joseph Haydn<\/strong>\n<ul>\n \t<li>The Seasons<\/li>\n \t<li>The Creation<\/li>\n<\/ul>\n    <strong class=\"ub-komponist\">Gottfried August Homilius<\/strong>\n<ul>\n \t<li>Weihnachtskantaten<\/li>\n<\/ul>\n\n<strong class=\"ub-komponist\">Reinhard Keiser<\/strong>\n<ul>\n \t<li>Brockes Passion<\/li>\n<\/ul>\n<strong class=\"ub-komponist\">Felix Mendelssohn<\/strong>\n<ul>\n \t<li>Elias<\/li>\n<\/ul>\n<strong class=\"ub-komponist\">Wolfgang Amadeus Mozart<\/strong>\n<ul>\n \t<li>Mass in c-minor<\/li>\n \t<li>Exultate Jubilate<\/li>\n \t<li>Requiem<\/li>\n \t<li>Vesperae solennes de Confessore<\/li>\n<\/ul>\n\n\n<strong class=\"ub-komponist\">Carl Orff<\/strong>\n<ul>\n \t<li>Carmina Burna<\/li>\n<\/ul>\n<strong class=\"ub-komponist\">Josef Gabriel Rheinberger<\/strong>\n<ul>\n \t<li>Stern von Bethlehem<\/li>\n<\/ul>\n<strong class=\"ub-komponist\">John Rutter<\/strong>\n<ul>\n \t<li>Magnificat<\/li>\n<\/ul>\n\n    <strong class=\"ub-komponist\">Antonio Salieri<\/strong>\n<ul>\n \t<li>Requiem<\/li>\n<\/ul>\n\n\n<strong class=\"ub-komponist\">Antonio Vivaldi<\/strong>\n<ul>\n \t<li>Gloria<\/li>\n<\/ul>\n\n<\/div>\t\t\t\t<\/div>\n\t\t\t\t<\/div>\n\t\t\t\t\t<\/div>\n\t\t\t\t<\/div>\n\t\t\t\t<\/div>","protected":false},"excerpt":{"rendered":"<p>Rollen Wolfgang Amadeus Mozart Die Zauberfl\u00f6te &#8211; K\u00f6nigin der Nacht (300 Auff\u00fchrungen) &#8211; 1. Dame &#8211; Papagena &#8211; 1. Knabe Le nozze di Figaro &#8211; Gr\u00e4fin La clemenza di Tito &#8211; Vittelia Die Einf\u00fchrung aus dem Serail &#8211; Blondchen &#8211; Konstanze Apollo und Hyacinth &#8211; Melia Der Schauspieldirektor &#8211; Madame Herz Giuseppe Verdi La Traviata [&hellip;]<\/p>\n","protected":false},"author":2,"featured_media":0,"parent":0,"menu_order":0,"comment_status":"closed","ping_status":"closed","template":"elementor_header_footer","meta":{"footnotes":""},"class_list":["post-1432","page","type-page","status-publish","hentry"],"_links":{"self":[{"href":"https:\/\/darleneanndobisch.com\/en\/wp-json\/wp\/v2\/pages\/1432","targetHints":{"allow":["GET"]}}],"collection":[{"href":"https:\/\/darleneanndobisch.com\/en\/wp-json\/wp\/v2\/pages"}],"about":[{"href":"https:\/\/darleneanndobisch.com\/en\/wp-json\/wp\/v2\/types\/page"}],"author":[{"embeddable":true,"href":"https:\/\/darleneanndobisch.com\/en\/wp-json\/wp\/v2\/users\/2"}],"replies":[{"embeddable":true,"href":"https:\/\/darleneanndobisch.com\/en\/wp-json\/wp\/v2\/comments?post=1432"}],"version-history":[{"count":10,"href":"https:\/\/darleneanndobisch.com\/en\/wp-json\/wp\/v2\/pages\/1432\/revisions"}],"predecessor-version":[{"id":1747,"href":"https:\/\/darleneanndobisch.com\/en\/wp-json\/wp\/v2\/pages\/1432\/revisions\/1747"}],"wp:attachment":[{"href":"https:\/\/darleneanndobisch.com\/en\/wp-json\/wp\/v2\/media?parent=1432"}],"curies":[{"name":"wp","href":"https:\/\/api.w.org\/{rel}","templated":true}]}}