{"id":104,"date":"2025-11-07T00:12:52","date_gmt":"2025-11-06T23:12:52","guid":{"rendered":"https:\/\/karladam.de\/impressum\/"},"modified":"2025-11-13T03:53:02","modified_gmt":"2025-11-13T02:53:02","slug":"impressum","status":"publish","type":"page","link":"https:\/\/darleneanndobisch.com\/en\/impressum\/","title":{"rendered":"Impressum"},"content":{"rendered":"<div data-elementor-type=\"wp-page\" data-elementor-id=\"104\" class=\"elementor elementor-104\" data-elementor-post-type=\"page\">\n\t\t\t\t<div class=\"elementor-element elementor-element-cb00a70 e-flex e-con-boxed e-con e-parent\" data-id=\"cb00a70\" data-element_type=\"container\" data-e-type=\"container\">\n\t\t\t\t\t<div class=\"e-con-inner\">\n\t\t\t\t<div class=\"elementor-element elementor-element-e8b1dab elementor-widget__width-initial elementor-widget elementor-widget-shortcode\" data-id=\"e8b1dab\" data-element_type=\"widget\" data-e-type=\"widget\" data-widget_type=\"shortcode.default\">\n\t\t\t\t\t\t\t<div class=\"elementor-shortcode\">\t\t<div data-elementor-type=\"container\" data-elementor-id=\"214\" class=\"elementor elementor-214\" data-elementor-post-type=\"elementor_library\">\n\t\t\t\t<div class=\"elementor-element elementor-element-32e890b5 e-con-full e-flex e-con e-parent\" data-id=\"32e890b5\" data-element_type=\"container\" data-e-type=\"container\">\n\t\t\t\t<\/div>\n\t\t\t\t<\/div>\n\t\t<\/div>\n\t\t\t\t\t\t<\/div>\n\t\t\t\t\t<\/div>\n\t\t\t\t<\/div>\n\t\t<div class=\"elementor-element elementor-element-2eec1f46 ub-section e-flex e-con-boxed e-con e-parent\" data-id=\"2eec1f46\" data-element_type=\"container\" data-e-type=\"container\">\n\t\t\t\t\t<div class=\"e-con-inner\">\n\t\t<div class=\"elementor-element elementor-element-1a9408d7 e-con-full e-flex e-con e-child\" data-id=\"1a9408d7\" data-element_type=\"container\" data-e-type=\"container\">\n\t\t\t\t<div class=\"elementor-element elementor-element-61947054 elementor-widget elementor-widget-text-editor\" data-id=\"61947054\" data-element_type=\"widget\" data-e-type=\"widget\" data-widget_type=\"text-editor.default\">\n\t\t\t\t\t\t\t\t\t<p>Darlene Ann Dobisch<br \/>Ziegeleiweg 10<br \/>21521 Wohltorf<\/p><h2>Contact<\/h2><p>Telefon: +49 179 684 6821<\/p><p>E-Mail: <a href=\"mailto:kontakt@darlene-ann-dobisch.com\">kontakt@darlene-ann-dobisch.com<\/a><\/p><h2>Person responsible for editorial<\/h2><p>Darlene Ann Dobisch<\/p><h2>Dispute resolution proceedings in front of a consumer arbitration board<\/h2><p>We are not willing or obliged to participate in dispute resolution proceedings in front of a consumer arbitration board.<\/p><p><strong>Konzeption und Realisation der Internetpr\u00e4senz:<\/strong> <a href=\"https:\/\/dreifueralles.de\" target=\"_blank\" rel=\"noopener\">Internetagentur Drei-f\u00fcr-alles, M\u00fcssen<\/a><\/p><p><strong>Fotoquelle:<\/strong><\/p>\t\t\t\t\t\t\t\t<\/div>\n\t\t\t\t<\/div>\n\t\t\t\t\t<\/div>\n\t\t\t\t<\/div>\n\t\t\t\t<\/div>","protected":false},"excerpt":{"rendered":"<p>Darlene Ann DobischZiegeleiweg 1021521 Wohltorf Kontakt Telefon: +49 179 684 6821 E-Mail: kontakt@darlene-ann-dobisch.com Redaktionell verantwortlich Darlene Ann Dobisch Verbraucher\u00adstreit\u00adbeilegung\/Universal\u00adschlichtungs\u00adstelle Wir sind nicht bereit oder verpflichtet, an Streitbeilegungsverfahren vor einer Verbraucherschlichtungsstelle teilzunehmen. Konzeption und Realisation der Internetpr\u00e4senz: Internetagentur Drei-f\u00fcr-alles, M\u00fcssen Fotoquelle:<\/p>","protected":false},"author":1,"featured_media":0,"parent":0,"menu_order":0,"comment_status":"closed","ping_status":"closed","template":"elementor_header_footer","meta":{"footnotes":""},"class_list":["post-104","page","type-page","status-publish","hentry"],"_links":{"self":[{"href":"https:\/\/darleneanndobisch.com\/en\/wp-json\/wp\/v2\/pages\/104","targetHints":{"allow":["GET"]}}],"collection":[{"href":"https:\/\/darleneanndobisch.com\/en\/wp-json\/wp\/v2\/pages"}],"about":[{"href":"https:\/\/darleneanndobisch.com\/en\/wp-json\/wp\/v2\/types\/page"}],"author":[{"embeddable":true,"href":"https:\/\/darleneanndobisch.com\/en\/wp-json\/wp\/v2\/users\/1"}],"replies":[{"embeddable":true,"href":"https:\/\/darleneanndobisch.com\/en\/wp-json\/wp\/v2\/comments?post=104"}],"version-history":[{"count":10,"href":"https:\/\/darleneanndobisch.com\/en\/wp-json\/wp\/v2\/pages\/104\/revisions"}],"predecessor-version":[{"id":1252,"href":"https:\/\/darleneanndobisch.com\/en\/wp-json\/wp\/v2\/pages\/104\/revisions\/1252"}],"wp:attachment":[{"href":"https:\/\/darleneanndobisch.com\/en\/wp-json\/wp\/v2\/media?parent=104"}],"curies":[{"name":"wp","href":"https:\/\/api.w.org\/{rel}","templated":true}]}}